{"id":9,"date":"2019-09-05T10:53:04","date_gmt":"2019-09-05T10:53:04","guid":{"rendered":"https:\/\/kudu-lesemagazin.de\/?page_id=9"},"modified":"2022-03-25T11:25:24","modified_gmt":"2022-03-25T11:25:24","slug":"startseite","status":"publish","type":"page","link":"https:\/\/kudu-lesemagazin.de\/","title":{"rendered":"KUDU \u2013 das Lesemagazin Ihrer Lieblings-Buchhandlung"},"content":{"rendered":"<p>Liebe Leserin! Lieber Leser!<\/p>\n<p>KUDU erz\u00e4hlt Geschichten. KUDU macht Lust auf die mit Leidenschaft vorgestellten B\u00fccher und aufs Lesen. Und dabei nicht nur auf die neuen Romane, Krimis, Kinder- und Jugendb\u00fccher, Sach- und H\u00f6rb\u00fccher. Sondern auch auf \u201eB\u00fccher ohne Verfallsdatum\u201c oder \u201eBesondere B\u00fccher\u201c. Was sich dahinter verbirgt?<\/p>\n<p>Entdecken Sie es selbst \u2013 <a href=\"https:\/\/kudu-lesemagazin.de\/index.php\/buchhandlungen\/\">hier finden Sie die Buchhandlungen<\/a>, in denen Sie Ihr kostenloses Lesemagazin erhalten.<br \/>\nKUDU erscheint dreimal im Jahr, Fr\u00fchjahr, Sommer und Herbst.<\/p>\n<p>Ihr KUDU-Team<\/p>\n<h3>Authentisch. Spannend. Anders.<\/h3>\n","protected":false},"excerpt":{"rendered":"<p>Liebe Leserin! Lieber Leser! KUDU erz\u00e4hlt Geschichten. KUDU macht Lust auf die mit Leidenschaft vorgestellten B\u00fccher und aufs Lesen. Und dabei nicht nur auf die neuen Romane, Krimis, Kinder- und Jugendb\u00fccher, Sach- und H\u00f6rb\u00fccher. Sondern auch auf \u201eB\u00fccher ohne Verfallsdatum\u201c oder \u201eBesondere B\u00fccher\u201c. Was sich dahinter verbirgt? Entdecken Sie es selbst \u2013 hier finden Sie &hellip; <\/p>\n<p class=\"link-more\"><a href=\"https:\/\/kudu-lesemagazin.de\/\" class=\"more-link\"><span class=\"screen-reader-text\">\u201eKUDU \u2013 das Lesemagazin Ihrer Lieblings-Buchhandlung\u201c<\/span> weiterlesen<\/a><\/p>\n","protected":false},"author":2,"featured_media":0,"parent":0,"menu_order":0,"comment_status":"closed","ping_status":"closed","template":"","meta":{"spay_email":""},"_links":{"self":[{"href":"https:\/\/kudu-lesemagazin.de\/index.php\/wp-json\/wp\/v2\/pages\/9"}],"collection":[{"href":"https:\/\/kudu-lesemagazin.de\/index.php\/wp-json\/wp\/v2\/pages"}],"about":[{"href":"https:\/\/kudu-lesemagazin.de\/index.php\/wp-json\/wp\/v2\/types\/page"}],"author":[{"embeddable":true,"href":"https:\/\/kudu-lesemagazin.de\/index.php\/wp-json\/wp\/v2\/users\/2"}],"replies":[{"embeddable":true,"href":"https:\/\/kudu-lesemagazin.de\/index.php\/wp-json\/wp\/v2\/comments?post=9"}],"version-history":[{"count":7,"href":"https:\/\/kudu-lesemagazin.de\/index.php\/wp-json\/wp\/v2\/pages\/9\/revisions"}],"predecessor-version":[{"id":274,"href":"https:\/\/kudu-lesemagazin.de\/index.php\/wp-json\/wp\/v2\/pages\/9\/revisions\/274"}],"wp:attachment":[{"href":"https:\/\/kudu-lesemagazin.de\/index.php\/wp-json\/wp\/v2\/media?parent=9"}],"curies":[{"name":"wp","href":"https:\/\/api.w.org\/{rel}","templated":true}]}}